{"id":36,"date":"2015-12-10T16:31:37","date_gmt":"2015-12-10T18:31:37","guid":{"rendered":"http:\/\/themegavias.com\/wp\/enzio\/?page_id=36"},"modified":"2024-02-20T09:37:40","modified_gmt":"2024-02-20T12:37:40","slug":"automacao-e-robotica-industrial","status":"publish","type":"page","link":"https:\/\/leise.com.br\/","title":{"rendered":"In\u00edcio"},"content":{"rendered":"<p>[vc_row fullwidth=&#8221;0&#8243; row_space=&#8221;remove_padding&#8221; isfullwidth=&#8221;0&#8243;][vc_column]<link href=\"https:\/\/fonts.googleapis.com\/css?family=Poppins:800%2C600\" rel=\"stylesheet\" property=\"stylesheet\" type=\"text\/css\" media=\"all\"><script type=\"text\/javascript\" src=\"https:\/\/leise.com.br\/wp-content\/plugins\/revslider\/public\/assets\/js\/jquery.themepunch.tools.min.js?rev=5.4.8\"><\/script><script type=\"text\/javascript\" src=\"https:\/\/leise.com.br\/wp-content\/plugins\/revslider\/public\/assets\/js\/jquery.themepunch.revolution.min.js?rev=5.4.8\"><\/script>\n<div id=\"rev_slider_1_1_wrapper\" class=\"rev_slider_wrapper fullwidthbanner-container\" data-source=\"gallery\" style=\"margin:0px auto;background:transparent;padding:0px;margin-top:0px;margin-bottom:0px;\">\n<!-- START REVOLUTION SLIDER 5.4.8 fullwidth mode -->\n\t<div id=\"rev_slider_1_1\" class=\"rev_slider fullwidthabanner\" style=\"display:none;\" data-version=\"5.4.8\">\n<ul>\t<!-- SLIDE  -->\n\t<li data-index=\"rs-2\" data-transition=\"notransition\" data-slotamount=\"default\" data-hideafterloop=\"0\" data-hideslideonmobile=\"off\"  data-easein=\"default\" data-easeout=\"default\" data-masterspeed=\"default\"  data-thumb=\"https:\/\/leise.com.br\/wp-content\/uploads\/2015\/12\/slider-2-1-100x50.jpg\"  data-rotate=\"0\"  data-saveperformance=\"off\"  data-title=\"Slide\" data-param1=\"\" data-param2=\"\" data-param3=\"\" data-param4=\"\" data-param5=\"\" data-param6=\"\" data-param7=\"\" data-param8=\"\" data-param9=\"\" data-param10=\"\" data-description=\"\">\n\t\t<!-- MAIN IMAGE -->\n\t\t<img decoding=\"async\" src=\"https:\/\/leise.com.br\/wp-content\/uploads\/2015\/12\/slider-2-1.jpg\"  alt=\"\"  data-bgposition=\"center center\" data-kenburns=\"on\" data-duration=\"12000\" data-ease=\"Linear.easeNone\" data-scalestart=\"100\" data-scaleend=\"110\" data-rotatestart=\"0\" data-rotateend=\"0\" data-blurstart=\"0\" data-blurend=\"0\" data-offsetstart=\"0 0\" data-offsetend=\"0 0\" class=\"rev-slidebg\" data-no-retina>\n\t\t<!-- LAYERS -->\n\n\t\t<!-- LAYER NR. 1 -->\n\t\t<div class=\"tp-caption   tp-resizeme\" \n\t\t\t id=\"slide-2-layer-3\" \n\t\t\t data-x=\"['left','left','left','left']\" data-hoffset=\"['17','17','17','17']\" \n\t\t\t data-y=\"['top','top','top','top']\" data-voffset=\"['52','9','9','9']\" \n\t\t\t\t\t\tdata-width=\"none\"\n\t\t\tdata-height=\"none\"\n\t\t\tdata-whitespace=\"nowrap\"\n \n\t\t\tdata-type=\"text\" \n\t\t\tdata-responsive_offset=\"on\" \n\n\t\t\tdata-frames='[{\"delay\":260,\"speed\":2000,\"frame\":\"0\",\"from\":\"y:[100%];z:0;rX:0deg;rY:0;rZ:0;sX:1;sY:1;skX:0;skY:0;opacity:0;\",\"to\":\"o:1;\",\"ease\":\"Power4.easeInOut\"},{\"delay\":\"wait\",\"speed\":400,\"frame\":\"999\",\"to\":\"y:-50px;opacity:0;\",\"ease\":\"nothing\"}]'\n\t\t\tdata-textAlign=\"['left','left','left','left']\"\n\t\t\tdata-paddingtop=\"[0,0,0,0]\"\n\t\t\tdata-paddingright=\"[0,0,0,0]\"\n\t\t\tdata-paddingbottom=\"[0,0,0,0]\"\n\t\t\tdata-paddingleft=\"[0,0,0,0]\"\n\n\t\t\tstyle=\"z-index: 5; white-space: nowrap; font-size: 68px; line-height: 69px; font-weight: 800; color: rgba(255,255,255,1); letter-spacing: 0px;font-family:Poppins;\">Transforme a sua empresa<br> com tecnologia<br> e efici\u00eancia <\/div>\n\n\t\t<!-- LAYER NR. 2 -->\n\t\t<a class=\"tp-caption rev-btn \" \n href=\"#servicos\" target=\"_self\"\t\t\t id=\"slide-2-layer-6\" \n\t\t\t data-x=\"['left','left','left','left']\" data-hoffset=\"['22','22','22','22']\" \n\t\t\t data-y=\"['top','top','top','top']\" data-voffset=\"['288','223','223','223']\" \n\t\t\t\t\t\tdata-width=\"none\"\n\t\t\tdata-height=\"none\"\n\t\t\tdata-whitespace=\"nowrap\"\n \n\t\t\tdata-type=\"button\" \n\t\t\tdata-actions=''\n\t\t\tdata-responsive_offset=\"on\" \n\t\t\tdata-responsive=\"off\"\n\t\t\tdata-frames='[{\"delay\":1330,\"speed\":390,\"frame\":\"0\",\"from\":\"y:50px;opacity:0;\",\"to\":\"o:1;\",\"ease\":\"Power2.easeInOut\"},{\"delay\":\"wait\",\"speed\":300,\"frame\":\"999\",\"to\":\"y:-50px;opacity:0;\",\"ease\":\"nothing\"},{\"frame\":\"hover\",\"speed\":\"0\",\"ease\":\"Linear.easeNone\",\"to\":\"o:1;rX:0;rY:0;rZ:0;z:0;\",\"style\":\"c:rgba(0,0,0,1);bg:rgba(255,255,255,1);bs:solid;bw:0 0 0 0;\"}]'\n\t\t\tdata-textAlign=\"['left','left','left','left']\"\n\t\t\tdata-paddingtop=\"[12,12,12,12]\"\n\t\t\tdata-paddingright=\"[35,35,35,35]\"\n\t\t\tdata-paddingbottom=\"[12,12,12,12]\"\n\t\t\tdata-paddingleft=\"[35,35,35,35]\"\n\n\t\t\tstyle=\"z-index: 6; white-space: nowrap; font-size: 12px; line-height: 14px; font-weight: 600; color: rgba(255,255,255,1); letter-spacing: 1px;font-family:Poppins;text-transform:uppercase;background-color:rgba(67,133,245,1);border-color:rgba(0,0,0,1);border-radius:30px 30px 30px 30px;outline:none;box-shadow:none;box-sizing:border-box;-moz-box-sizing:border-box;-webkit-box-sizing:border-box;cursor:pointer;text-decoration: none;\">Conhe\u00e7a nossos servi\u00e7os <\/a>\n\t<\/li>\n<\/ul>\n<div class=\"tp-bannertimer tp-bottom\" style=\"visibility: hidden !important;\"><\/div>\t<\/div>\n<script>var htmlDiv = document.getElementById(\"rs-plugin-settings-inline-css\"); var htmlDivCss=\"\";\r\n\t\t\t\tif(htmlDiv) {\r\n\t\t\t\t\thtmlDiv.innerHTML = htmlDiv.innerHTML + htmlDivCss;\r\n\t\t\t\t}else{\r\n\t\t\t\t\tvar htmlDiv = document.createElement(\"div\");\r\n\t\t\t\t\thtmlDiv.innerHTML = \"<style>\" + htmlDivCss + \"<\/style>\";\r\n\t\t\t\t\tdocument.getElementsByTagName(\"head\")[0].appendChild(htmlDiv.childNodes[0]);\r\n\t\t\t\t}\r\n\t\t\t<\/script>\n\t\t<script type=\"text\/javascript\">\r\nif (setREVStartSize!==undefined) setREVStartSize(\r\n\t{c: '#rev_slider_1_1', responsiveLevels: [1240,1024,1024,1024], gridwidth: [1170,1024,1024,1024], gridheight: [500,300,300,300], sliderLayout: 'fullwidth'});\r\n\t\t\t\r\nvar revapi1,\r\n\ttpj;\t\r\n(function() {\t\t\t\r\n\tif (!\/loaded|interactive|complete\/.test(document.readyState)) document.addEventListener(\"DOMContentLoaded\",onLoad); else onLoad();\t\r\n\tfunction onLoad() {\t\t\t\t\r\n\t\tif (tpj===undefined) { tpj = jQuery; if(\"off\" == \"on\") tpj.noConflict();}\r\n\tif(tpj(\"#rev_slider_1_1\").revolution == undefined){\n\t\trevslider_showDoubleJqueryError(\"#rev_slider_1_1\");\n\t}else{\n\t\trevapi1 = tpj(\"#rev_slider_1_1\").show().revolution({\n\t\t\tsliderType:\"hero\",\n\t\t\tjsFileLocation:\"\/\/leise.com.br\/wp-content\/plugins\/revslider\/public\/assets\/js\/\",\n\t\t\tsliderLayout:\"fullwidth\",\n\t\t\tdottedOverlay:\"none\",\n\t\t\tdelay:9000,\n\t\t\tresponsiveLevels:[1240,1024,1024,1024],\n\t\t\tvisibilityLevels:[1240,1024,1024,1024],\n\t\t\tgridwidth:[1170,1024,1024,1024],\n\t\t\tgridheight:[500,300,300,300],\n\t\t\tlazyType:\"none\",\n\t\t\tshadow:0,\n\t\t\tspinner:\"spinner0\",\n\t\t\tautoHeight:\"off\",\n\t\t\tdisableProgressBar:\"on\",\n\t\t\thideThumbsOnMobile:\"off\",\n\t\t\thideSliderAtLimit:0,\n\t\t\thideCaptionAtLimit:0,\n\t\t\thideAllCaptionAtLilmit:0,\n\t\t\tdebugMode:false,\n\t\t\tfallbacks: {\n\t\t\t\tsimplifyAll:\"off\",\n\t\t\t\tdisableFocusListener:false,\n\t\t\t}\n\t\t});\n\t}; \/* END OF revapi call *\/\n\t\n }; \/* END OF ON LOAD FUNCTION *\/\r\n}()); \/* END OF WRAPPING FUNCTION *\/\r\n<\/script>\r\n\t\t<\/div><!-- END REVOLUTION SLIDER -->[\/vc_column][\/vc_row][vc_row gap=&#8221;3&#8243; full_height=&#8221;yes&#8221; equal_height=&#8221;yes&#8221; content_placement=&#8221;middle&#8221; css_animation=&#8221;fadeIn&#8221; el_id=&#8221;nossas_solucoes&#8221;][vc_column width=&#8221;3\/5&#8243;][vc_row_inner][vc_column_inner width=&#8221;11\/12&#8243;][gva_block_heading title=&#8221;Mais efici\u00eancia e produtividade para as ind\u00fastrias&#8221; align=&#8221;align-left&#8221; desc=&#8221;Desenvolvemos softwares para controle e integra\u00e7\u00e3o de m\u00e1quinas, aliando alta tecnologia e agilidade nos processos industriais de pequeno a grande porte.&#8221; subtitle=&#8221;Nossas solu\u00e7\u00f5es&#8221;][\/vc_column_inner][\/vc_row_inner][vc_row_inner][vc_column_inner width=&#8221;1\/2&#8243;][gva_icon_box title=&#8221;Rob\u00f3tica&#8221; icon=&#8221;icon-RoboticArm&#8221; description=&#8221;Programa\u00e7\u00e3o e Integra\u00e7\u00e3o de Rob\u00f4s Industriais \u00e0 M\u00e1quinas e sistemas.&#8221; icon_position=&#8221;left&#8221; icon_width=&#8221;fa-2x&#8221; icon_radius=&#8221;radius-5x&#8221; icon_shadown=&#8221;true&#8221; icon_color=&#8221;#FEB1A2&#8243;][\/vc_column_inner][vc_column_inner width=&#8221;1\/2&#8243;][gva_icon_box title=&#8221;Automa\u00e7\u00e3o&#8221; icon=&#8221;icon-FlowProgram&#8221; description=&#8221;Programa\u00e7\u00e3o Controladores L\u00f3gicos Program\u00e1veis (CLP) dos principais fabricantes do mercado.&#8221; icon_position=&#8221;left&#8221; icon_width=&#8221;fa-2x&#8221; icon_radius=&#8221;radius-5x&#8221; icon_shadown=&#8221;true&#8221; icon_color=&#8221;#45D3A8&#8243;][\/vc_column_inner][\/vc_row_inner][vc_row_inner][vc_column_inner width=&#8221;1\/2&#8243;][gva_icon_box title=&#8221;Interface Usu\u00e1rio Customizadas&#8221; icon=&#8221;icon-Display&#8221; description=&#8221;Desenvolvimento de Interfaces com o Usu\u00e1rios Customizados, adicionando recursos espec\u00edficos para cada tipo de de equipamento.&#8221; icon_position=&#8221;left&#8221; icon_width=&#8221;fa-2x&#8221; icon_radius=&#8221;radius-5x&#8221; icon_shadown=&#8221;true&#8221; icon_color=&#8221;#6B8EEF&#8221;][\/vc_column_inner][vc_column_inner width=&#8221;1\/2&#8243;][gva_icon_box title=&#8221;IIOT&#8221; icon=&#8221;icon-CloudIOT&#8221; description=&#8221;Integra\u00e7\u00e3o entre M\u00e1quina e sistemas externos executando o monitoramento e coleta de dados remotamente.&#8221; icon_position=&#8221;left&#8221; icon_width=&#8221;fa-2x&#8221; icon_radius=&#8221;radius-5x&#8221; icon_shadown=&#8221;true&#8221; icon_color=&#8221;#B17EF0&#8243;][\/vc_column_inner][\/vc_row_inner][\/vc_column][vc_column width=&#8221;2\/5&#8243; offset=&#8221;vc_hidden-sm vc_hidden-xs&#8221;][vc_single_image image=&#8221;3744&#8243; img_size=&#8221;large&#8221; css_animation=&#8221;none&#8221;][\/vc_column][\/vc_row][vc_row css_animation=&#8221;fadeIn&#8221; css=&#8221;.vc_custom_1547473172523{background-color: #ffffff !important;}&#8221; el_id=&#8221;servicos&#8221;][vc_column][vc_row_inner][vc_column_inner][gva_block_heading title=&#8221;Conhe\u00e7a nossos servi\u00e7os&#8221; desc=&#8221;Somos especializados no desenvolvimento de softwares para controle, automa\u00e7\u00e3o e monitoramento de m\u00e1quinas industriais, com an\u00e1lise e consultoria de aplica\u00e7\u00e3o.&#8221;][\/vc_column_inner][\/vc_row_inner][vc_row_inner equal_height=&#8221;yes&#8221;][vc_column_inner width=&#8221;1\/3&#8243;][gva_service_box items=&#8221;%5B%7B%22title%22%3A%22ABB%22%7D%2C%7B%22title%22%3A%22Kawasaki%22%7D%2C%7B%22title%22%3A%22Kuka%22%7D%2C%7B%22title%22%3A%22Mitsubishi%22%7D%5D&#8221; title=&#8221;Programa\u00e7\u00e3o de rob\u00f4s industriais&#8221; icon=&#8221;icon-RoboticArm&#8221;][\/vc_column_inner][vc_column_inner width=&#8221;1\/3&#8243;][gva_service_box items=&#8221;%5B%7B%22title%22%3A%22Sistemas%20baseados%20em%20CodeSys%22%7D%2C%7B%22title%22%3A%22Placa%20Motion%20Dedicadas%22%7D%2C%7B%22title%22%3A%22Sistemas%20baseados%20em%20PC%22%7D%5D&#8221; title=&#8221;Integra\u00e7\u00e3o de controladores de eixos&#8221; icon=&#8221;icon-3Daxis&#8221;][\/vc_column_inner][vc_column_inner width=&#8221;1\/3&#8243;][gva_service_box items=&#8221;%5B%7B%22title%22%3A%22Configura%C3%A7%C3%A3o%22%7D%2C%7B%22title%22%3A%22Parametriza%C3%A7%C3%A3o%20(Tuning)%22%7D%2C%7B%22title%22%3A%22Coloca%C3%A7%C3%A3o%20em%20Marcha%22%7D%5D&#8221; title=&#8221;Servoacionamento&#8221; icon=&#8221;icon-axis&#8221;][\/vc_column_inner][\/vc_row_inner][vc_row_inner equal_height=&#8221;yes&#8221;][vc_column_inner width=&#8221;1\/3&#8243;][gva_service_box items=&#8221;%5B%7B%22title%22%3A%22Interface%20moderna%20baseada%20em%20PC%22%7D%2C%7B%22title%22%3A%22Simula%C3%A7%C3%A3o%22%7D%2C%7B%22title%22%3A%22Sistemas%20Dedicados%20CAD%2FCAM%22%7D%5D&#8221; title=&#8221;Interface do usu\u00e1rio personalizada&#8221; icon=&#8221;icon-Display&#8221;][\/vc_column_inner][vc_column_inner width=&#8221;1\/3&#8243;][gva_service_box items=&#8221;%5B%7B%22title%22%3A%22Controle%20do%20dispositivos%20da%20m%C3%A1quina%22%7D%2C%7B%22title%22%3A%22Controle%20de%20sistemas%20proporcionais%22%7D%2C%7B%22title%22%3A%22Monitoramento%20de%20sinais%22%7D%5D&#8221; title=&#8221;Automa\u00e7\u00e3o industrial&#8221; icon=&#8221;icon-FlowProgram&#8221;][\/vc_column_inner][vc_column_inner width=&#8221;1\/3&#8243;][gva_service_box items=&#8221;%5B%7B%22title%22%3A%22Coleta%20de%20dados%22%7D%2C%7B%22title%22%3A%22Integra%C3%A7%C3%A3o%20de%20m%C3%A1quina%20com%20sistemas%20externos%22%7D%2C%7B%22title%22%3A%22Monitoramento%20e%20controle%20da%20m%C3%A1quina%20remotamente%22%7D%5D&#8221; title=&#8221;Industrial Internet of Things (IIOT)&#8221; icon=&#8221;icon-CloudIOT&#8221;][\/vc_column_inner][\/vc_row_inner][\/vc_column][\/vc_row][vc_row full_width=&#8221;stretch_row&#8221; content_placement=&#8221;middle&#8221; css_animation=&#8221;fadeIn&#8221; css=&#8221;.vc_custom_1547473121362{background-color: #ffffff !important;}&#8221; el_id=&#8221;quem-somos&#8221;][vc_column][gva_block_heading title=&#8221;Quem Somos&#8221; desc=&#8221;O nosso prop\u00f3sito \u00e9 promover efici\u00eancia, agilidade e competitividade para os nossos clientes. Somos especializados em desenvolver softwares para controle e integra\u00e7\u00e3o de m\u00e1quinas industriais.<\/p>\n<p>Aliamos a experi\u00eancia com a tecnologia para oferecer solu\u00e7\u00f5es adequadas \u00e0s necessidades de cada projeto, com an\u00e1lise e consultoria para avaliar as melhores op\u00e7\u00f5es em cada processo. Nossos softwares s\u00e3o desenvolvidos com engenharia aplicada e passam por atualiza\u00e7\u00f5es, para garantir m\u00e1xima performance durante todo o seu per\u00edodo de aplica\u00e7\u00e3o.<\/p>\n<p>Al\u00e9m disso, trabalhamos em um sistema colaborativo junto ao cliente, com o objetivo de alinhar as demandas, criar solu\u00e7\u00f5es completas e efetivas de acordo com sistema de trabalho da empresa, aliando tecnologia, interface moderna para os usu\u00e1rios e controle total do sistema, com monitoramento em tempo real.<\/p>\n<p>Com uma equipe com conhecimento e expertise consolidada na \u00e1rea, garantimos suporte t\u00e9cnico, atendimento r\u00e1pido e comprometimento garantido em cada projeto.<\/p>\n<p><b>Conte com a nossa equipe para fazer a sua empresa evoluir!<\/b>&#8220;][\/vc_column][\/vc_row][vc_row fullwidth=&#8221;0&#8243; el_id=&#8221;contato&#8221;][vc_column][gva_block_heading title=&#8221;Fale com a gente&#8221; subtitle=&#8221;Quer deixar sua empresa mais eficiente e competitiva?&#8221;][\/vc_column][vc_column][vc_row_inner equal_height=&#8221;yes&#8221;][vc_column_inner width=&#8221;1\/3&#8243;][gva_icon_box title=&#8221;Onde Estamos&#8221; icon=&#8221;gv-icon-1134&#8243; description=&#8221;Rua Exp. Ant\u00f4nio Carlos Ferreira, 1318 &#8211; Sala 07, Jaragu\u00e1 do Sul &#8211; SC&#8221; background_box=&#8221;#f5f5f5&#8243; link=&#8221;https:\/\/goo.gl\/maps\/SJuiMwLzRnsS92ko6&#8243; icon_radius=&#8221;radius-5x&#8221; icon_shadown=&#8221;true&#8221; target=&#8221;true&#8221;][\/vc_column_inner][vc_column_inner width=&#8221;1\/3&#8243;][gva_icon_box title=&#8221;Nosso E-mail&#8221; icon=&#8221;gv-icon-236&#8243; description=&#8221;contato@leise.com.br&#8221; background_box=&#8221;#f5f5f5&#8243; link=&#8221;mailto:contato@leise.com.br&#8221; icon_radius=&#8221;radius-5x&#8221; icon_shadown=&#8221;true&#8221;][\/vc_column_inner][vc_column_inner width=&#8221;1\/3&#8243;][gva_icon_box title=&#8221;Nosso Telefone&#8221; icon=&#8221;gv-icon-264&#8243; description=&#8221;+55 47 3305-9738&#8243; background_box=&#8221;#f5f5f5&#8243; link=&#8221;tel:+554733059738&#8243; icon_radius=&#8221;radius-5x&#8221; icon_shadown=&#8221;true&#8221;][\/vc_column_inner][\/vc_row_inner][vc_row_inner equal_height=&#8221;yes&#8221;][vc_column_inner width=&#8221;1\/3&#8243;][\/vc_column_inner][vc_column_inner width=&#8221;1\/3&#8243;][\/vc_column_inner][vc_column_inner width=&#8221;1\/3&#8243;][\/vc_column_inner][\/vc_row_inner][\/vc_column][\/vc_row][vc_row disable_element=&#8221;yes&#8221; fullwidth=&#8221;0&#8243; row_space=&#8221;remove_padding&#8221; el_id=&#8221;map&#8221;][vc_column][vc_gmaps link=&#8221;#E-8_JTNDaWZyYW1lJTIwc3JjJTNEJTIyaHR0cHMlM0ElMkYlMkZ3d3cuZ29vZ2xlLmNvbSUyRm1hcHMlMkZlbWJlZCUzRnBiJTNEJTIxMW0xOCUyMTFtMTIlMjExbTMlMjExZDM1NzAuODg0MDc5ODA2MjY1JTIxMmQtNDkuMDgxMDE5OTg0NDI5MDMlMjEzZC0yNi40OTE2NzY5ODMzMTA3NTclMjEybTMlMjExZjAlMjEyZjAlMjEzZjAlMjEzbTIlMjExaTEwMjQlMjEyaTc2OCUyMTRmMTMuMSUyMTNtMyUyMTFtMiUyMTFzMHg5NGRlOTUxYzQ5OGYwNjI3JTI1M0EweDE3NDc5ZTYzN2ExMzcwZWMlMjEyc1IuJTJCQmFyJTI1QzMlMjVBM28lMkJkbyUyQlJpbyUyQkJyYW5jbyUyNTJDJTJCNDU2JTJCLSUyQkNlbnRybyUyNTJDJTJCSmFyYWd1JTI1QzMlMjVBMSUyQmRvJTJCU3VsJTJCLSUyQlNDJTI1MkMlMkI4OTI1MS00MDAlMjE1ZTAlMjEzbTIlMjExc3B0LUJSJTIxMnNiciUyMTR2MTU0MzQxMDUxMzI1NSUyMiUyMHdpZHRoJTNEJTIyNjAwJTIyJTIwaGVpZ2h0JTNEJTIyNDUwJTIyJTIwZnJhbWVib3JkZXIlM0QlMjIwJTIyJTIwc3R5bGUlM0QlMjJib3JkZXIlM0EwJTIyJTIwYWxsb3dmdWxsc2NyZWVuJTNFJTNDJTJGaWZyYW1lJTNF&#8221; css_animation=&#8221;none&#8221;][\/vc_column][\/vc_row]<\/p>\n","protected":false},"excerpt":{"rendered":"<p>[vc_row fullwidth=&#8221;0&#8243; row_space=&#8221;remove_padding&#8221; isfullwidth=&#8221;0&#8243;][vc_column][\/vc_column][\/vc_row][vc_row gap=&#8221;3&#8243; full_height=&#8221;yes&#8221; equal_height=&#8221;yes&#8221; content_placement=&#8221;middle&#8221; css_animation=&#8221;fadeIn&#8221; el_id=&#8221;nossas_solucoes&#8221;][vc_column width=&#8221;3\/5&#8243;][vc_row_inner][vc_column_inner width=&#8221;11\/12&#8243;][gva_block_heading title=&#8221;Mais efici\u00eancia e produtividade para as ind\u00fastrias&#8221; align=&#8221;align-left&#8221; desc=&#8221;Desenvolvemos softwares para controle e integra\u00e7\u00e3o de m\u00e1quinas, aliando alta tecnologia e agilidade nos processos industriais de pequeno a grande porte.&#8221; subtitle=&#8221;Nossas solu\u00e7\u00f5es&#8221;][\/vc_column_inner][\/vc_row_inner][vc_row_inner][vc_column_inner width=&#8221;1\/2&#8243;][gva_icon_box title=&#8221;Rob\u00f3tica&#8221; icon=&#8221;icon-RoboticArm&#8221; description=&#8221;Programa\u00e7\u00e3o e Integra\u00e7\u00e3o de Rob\u00f4s Industriais \u00e0 M\u00e1quinas e [&hellip;]<\/p>\n","protected":false},"author":1,"featured_media":0,"parent":0,"menu_order":0,"comment_status":"closed","ping_status":"closed","template":"","meta":{"footnotes":""},"class_list":["post-36","page","type-page","status-publish","hentry"],"_links":{"self":[{"href":"https:\/\/leise.com.br\/index.php?rest_route=\/wp\/v2\/pages\/36","targetHints":{"allow":["GET"]}}],"collection":[{"href":"https:\/\/leise.com.br\/index.php?rest_route=\/wp\/v2\/pages"}],"about":[{"href":"https:\/\/leise.com.br\/index.php?rest_route=\/wp\/v2\/types\/page"}],"author":[{"embeddable":true,"href":"https:\/\/leise.com.br\/index.php?rest_route=\/wp\/v2\/users\/1"}],"replies":[{"embeddable":true,"href":"https:\/\/leise.com.br\/index.php?rest_route=%2Fwp%2Fv2%2Fcomments&post=36"}],"version-history":[{"count":94,"href":"https:\/\/leise.com.br\/index.php?rest_route=\/wp\/v2\/pages\/36\/revisions"}],"predecessor-version":[{"id":3817,"href":"https:\/\/leise.com.br\/index.php?rest_route=\/wp\/v2\/pages\/36\/revisions\/3817"}],"wp:attachment":[{"href":"https:\/\/leise.com.br\/index.php?rest_route=%2Fwp%2Fv2%2Fmedia&parent=36"}],"curies":[{"name":"wp","href":"https:\/\/api.w.org\/{rel}","templated":true}]}}